{"id":799,"date":"2021-04-08T15:17:39","date_gmt":"2021-04-08T13:17:39","guid":{"rendered":"https:\/\/www.miagrosarl.com\/?post_type=product&#038;p=799"},"modified":"2021-04-26T22:54:30","modified_gmt":"2021-04-26T20:54:30","slug":"pot-de-poudre-miel-citron-et-gingembre-500-g","status":"publish","type":"product","link":"https:\/\/www.miagrosarl.com\/index.php\/produit\/pot-de-poudre-miel-citron-et-gingembre-500-g\/","title":{"rendered":"Pot de poudre miel, citron et gingembre &#8211; 500 g"},"content":{"rendered":"<p>Prix : 5.000FCFA<br \/>\nPoids : 500 g<br \/>\nFormat : Pot en verre<br \/>\nComposition : granul\u00e9s en poudre de Gingembre m\u00e9lang\u00e9 \u00e0 du miel pur au citron press\u00e9.<\/p>\n","protected":false},"excerpt":{"rendered":"<p>Miel + Citron + Gingembre<\/p>\n","protected":false},"featured_media":1036,"comment_status":"open","ping_status":"closed","template":"","meta":{"_mo_disable_npp":""},"product_cat":[19,58,20],"product_tag":[23,24,22],"class_list":{"0":"post-799","1":"product","2":"type-product","3":"status-publish","4":"has-post-thumbnail","6":"product_cat-alimentation","7":"product_cat-miel","8":"product_cat-the","9":"product_tag-citron","10":"product_tag-gingembre","11":"product_tag-miel","13":"first","14":"instock","15":"purchasable","16":"product-type-simple"},"_links":{"self":[{"href":"https:\/\/www.miagrosarl.com\/index.php\/wp-json\/wp\/v2\/product\/799","targetHints":{"allow":["GET"]}}],"collection":[{"href":"https:\/\/www.miagrosarl.com\/index.php\/wp-json\/wp\/v2\/product"}],"about":[{"href":"https:\/\/www.miagrosarl.com\/index.php\/wp-json\/wp\/v2\/types\/product"}],"replies":[{"embeddable":true,"href":"https:\/\/www.miagrosarl.com\/index.php\/wp-json\/wp\/v2\/comments?post=799"}],"wp:featuredmedia":[{"embeddable":true,"href":"https:\/\/www.miagrosarl.com\/index.php\/wp-json\/wp\/v2\/media\/1036"}],"wp:attachment":[{"href":"https:\/\/www.miagrosarl.com\/index.php\/wp-json\/wp\/v2\/media?parent=799"}],"wp:term":[{"taxonomy":"product_cat","embeddable":true,"href":"https:\/\/www.miagrosarl.com\/index.php\/wp-json\/wp\/v2\/product_cat?post=799"},{"taxonomy":"product_tag","embeddable":true,"href":"https:\/\/www.miagrosarl.com\/index.php\/wp-json\/wp\/v2\/product_tag?post=799"}],"curies":[{"name":"wp","href":"https:\/\/api.w.org\/{rel}","templated":true}]}}