{"id":773,"date":"2021-04-08T14:17:25","date_gmt":"2021-04-08T12:17:25","guid":{"rendered":"https:\/\/www.miagrosarl.com\/?post_type=product&#038;p=773"},"modified":"2026-04-16T17:18:21","modified_gmt":"2026-04-16T15:18:21","slug":"get-carton-de-12-gel-desinfectant-500ml","status":"publish","type":"product","link":"https:\/\/www.miagrosarl.com\/index.php\/produit\/get-carton-de-12-gel-desinfectant-500ml\/","title":{"rendered":"Get CARTON DE 12 Gel D\u00e9sinfectant &#8211; 500ML"},"content":{"rendered":"<p>L\u2019hygi\u00e8ne des mains est la mesure la plus importante et la plus simple pour pr\u00e9venir les infections et la propagation des microbes. Get Tol est un gel translucide antiseptique pour les mains. Il d\u00e9sinfecte, adoucit et assure une hygi\u00e8ne totale des mains, par son e et instantan\u00e9. Get Tol gel est rafra\u00eechissant, \u00e9conomique et facile \u00e0 utiliser : une fois la base alcoolique \u00e9vapor\u00e9e, un doux et agr\u00e9able parfum citronn\u00e9 subsiste, en m\u00eame temps qu&rsquo;une sensation de fra\u00eecheur. Il est efficace contre les bact\u00e9ries, les champignons, les moisissures et peut tuer jusqu&rsquo;\u00e0 99. % des germes en 30secondes.<\/p>\n","protected":false},"excerpt":{"rendered":"<p>Type Produit : Soin Corps<br \/>\nMarque : Get<br \/>\nNom : Gel D\u00e9sinfectant<br \/>\nContenance : 500 ML<br \/>\nQuantit\u00e9 :1<\/p>\n","protected":false},"featured_media":671,"comment_status":"open","ping_status":"closed","template":"","meta":{"_mo_disable_npp":""},"product_cat":[74,69],"product_tag":[71],"class_list":{"0":"post-773","1":"product","2":"type-product","3":"status-publish","4":"has-post-thumbnail","6":"product_cat-entretien-et-nettoyage","7":"product_cat-get","8":"product_tag-desinfectants","10":"first","11":"instock","12":"purchasable","13":"product-type-simple"},"_links":{"self":[{"href":"https:\/\/www.miagrosarl.com\/index.php\/wp-json\/wp\/v2\/product\/773","targetHints":{"allow":["GET"]}}],"collection":[{"href":"https:\/\/www.miagrosarl.com\/index.php\/wp-json\/wp\/v2\/product"}],"about":[{"href":"https:\/\/www.miagrosarl.com\/index.php\/wp-json\/wp\/v2\/types\/product"}],"replies":[{"embeddable":true,"href":"https:\/\/www.miagrosarl.com\/index.php\/wp-json\/wp\/v2\/comments?post=773"}],"wp:featuredmedia":[{"embeddable":true,"href":"https:\/\/www.miagrosarl.com\/index.php\/wp-json\/wp\/v2\/media\/671"}],"wp:attachment":[{"href":"https:\/\/www.miagrosarl.com\/index.php\/wp-json\/wp\/v2\/media?parent=773"}],"wp:term":[{"taxonomy":"product_cat","embeddable":true,"href":"https:\/\/www.miagrosarl.com\/index.php\/wp-json\/wp\/v2\/product_cat?post=773"},{"taxonomy":"product_tag","embeddable":true,"href":"https:\/\/www.miagrosarl.com\/index.php\/wp-json\/wp\/v2\/product_tag?post=773"}],"curies":[{"name":"wp","href":"https:\/\/api.w.org\/{rel}","templated":true}]}}