{"id":771,"date":"2021-04-08T14:12:07","date_gmt":"2021-04-08T12:12:07","guid":{"rendered":"https:\/\/www.miagrosarl.com\/?post_type=product&#038;p=771"},"modified":"2026-01-25T15:59:46","modified_gmt":"2026-01-25T14:59:46","slug":"get-carton-de-48-savons-antiseptiques-200g","status":"publish","type":"product","link":"https:\/\/www.miagrosarl.com\/index.php\/produit\/get-carton-de-48-savons-antiseptiques-200g\/","title":{"rendered":"Get carton de 48 savons Antiseptiques &#8211; 200G"},"content":{"rendered":"<p>Un savon antiseptique est une combinaison entre un d\u00e9tergent et un antiseptique. Il est int\u00e9ressant \u00e0 utiliser avant d&rsquo;appliquer un antiseptique seul. Le d\u00e9tergent pr\u00e9sent dans ce type de produit optimise l&rsquo;efficacit\u00e9 de l&rsquo;antiseptique qui est le principe actif. En effet, le d\u00e9tergent \u00e9limine des parasites qui pourraient souiller le produit. Pour utiliser correctement un savon antiseptique il faut penser \u00e0 bien le rincer apr\u00e8s l&rsquo;avoir utilis\u00e9 et avant d&rsquo;appliquer l&rsquo;antiseptique exclusif (sans savon).<\/p>\n","protected":false},"excerpt":{"rendered":"<p>Soit 450 Cfa l&rsquo;unit\u00e9<br \/>\nType Produit : Soin Corps<br \/>\nMarque : Get<br \/>\nNom : Savon Antiseptique<br \/>\nContenance : 200G<br \/>\nQuantit\u00e9 :1<\/p>\n","protected":false},"featured_media":667,"comment_status":"open","ping_status":"closed","template":"","meta":{"_mo_disable_npp":""},"product_cat":[74,69],"product_tag":[71,72],"class_list":{"0":"post-771","1":"product","2":"type-product","3":"status-publish","4":"has-post-thumbnail","6":"product_cat-entretien-et-nettoyage","7":"product_cat-get","8":"product_tag-desinfectants","9":"product_tag-savons","11":"first","12":"instock","13":"purchasable","14":"product-type-simple"},"_links":{"self":[{"href":"https:\/\/www.miagrosarl.com\/index.php\/wp-json\/wp\/v2\/product\/771","targetHints":{"allow":["GET"]}}],"collection":[{"href":"https:\/\/www.miagrosarl.com\/index.php\/wp-json\/wp\/v2\/product"}],"about":[{"href":"https:\/\/www.miagrosarl.com\/index.php\/wp-json\/wp\/v2\/types\/product"}],"replies":[{"embeddable":true,"href":"https:\/\/www.miagrosarl.com\/index.php\/wp-json\/wp\/v2\/comments?post=771"}],"wp:featuredmedia":[{"embeddable":true,"href":"https:\/\/www.miagrosarl.com\/index.php\/wp-json\/wp\/v2\/media\/667"}],"wp:attachment":[{"href":"https:\/\/www.miagrosarl.com\/index.php\/wp-json\/wp\/v2\/media?parent=771"}],"wp:term":[{"taxonomy":"product_cat","embeddable":true,"href":"https:\/\/www.miagrosarl.com\/index.php\/wp-json\/wp\/v2\/product_cat?post=771"},{"taxonomy":"product_tag","embeddable":true,"href":"https:\/\/www.miagrosarl.com\/index.php\/wp-json\/wp\/v2\/product_tag?post=771"}],"curies":[{"name":"wp","href":"https:\/\/api.w.org\/{rel}","templated":true}]}}