{"id":768,"date":"2021-04-08T14:07:19","date_gmt":"2021-04-08T12:07:19","guid":{"rendered":"https:\/\/www.miagrosarl.com\/?post_type=product&#038;p=768"},"modified":"2026-04-17T21:32:51","modified_gmt":"2026-04-17T19:32:51","slug":"get-carton-de-12-spray-liquides-desinfectants-750-ml","status":"publish","type":"product","link":"https:\/\/www.miagrosarl.com\/index.php\/produit\/get-carton-de-12-spray-liquides-desinfectants-750-ml\/","title":{"rendered":"Get carton de 12  Spray Liquides D\u00e9sinfectants &#8211; 750 ML"},"content":{"rendered":"<p>Le Get Tol est un liquide traditionnel utilis\u00e9 comme d\u00e9sinfectant m\u00e9nager, ou pour la st\u00e9rilisation du mat\u00e9riel m\u00e9dical. Le produit dilu\u00e9 peut \u00eatre utilis\u00e9 comme antiseptique pour nettoyer les plaies. Il est efficace contre les bact\u00e9ries, les champi- gnons, les moisissures et peut tuer jusqu&rsquo;\u00e0 98% des germes en 15 secondes. Grace a sa formule am\u00e9lior\u00e9e Get tol vous offre une protection maximale contre les microbes contagieux car il contient de l\u2019huile naturelle de Pin qui lui donne une odeur douce et agr\u00e9able.<\/p>\n","protected":false},"excerpt":{"rendered":"<p>Type Produit : Entretien<br \/>\nMarque : Get<br \/>\nNom : Spray Liquide D\u00e9sinfectant<br \/>\nFormat :Spray<br \/>\nQuantit\u00e9 :1<\/p>\n","protected":false},"featured_media":770,"comment_status":"open","ping_status":"closed","template":"","meta":{"_mo_disable_npp":""},"product_cat":[74,69],"product_tag":[71],"class_list":{"0":"post-768","1":"product","2":"type-product","3":"status-publish","4":"has-post-thumbnail","6":"product_cat-entretien-et-nettoyage","7":"product_cat-get","8":"product_tag-desinfectants","10":"first","11":"instock","12":"purchasable","13":"product-type-simple"},"_links":{"self":[{"href":"https:\/\/www.miagrosarl.com\/index.php\/wp-json\/wp\/v2\/product\/768","targetHints":{"allow":["GET"]}}],"collection":[{"href":"https:\/\/www.miagrosarl.com\/index.php\/wp-json\/wp\/v2\/product"}],"about":[{"href":"https:\/\/www.miagrosarl.com\/index.php\/wp-json\/wp\/v2\/types\/product"}],"replies":[{"embeddable":true,"href":"https:\/\/www.miagrosarl.com\/index.php\/wp-json\/wp\/v2\/comments?post=768"}],"wp:featuredmedia":[{"embeddable":true,"href":"https:\/\/www.miagrosarl.com\/index.php\/wp-json\/wp\/v2\/media\/770"}],"wp:attachment":[{"href":"https:\/\/www.miagrosarl.com\/index.php\/wp-json\/wp\/v2\/media?parent=768"}],"wp:term":[{"taxonomy":"product_cat","embeddable":true,"href":"https:\/\/www.miagrosarl.com\/index.php\/wp-json\/wp\/v2\/product_cat?post=768"},{"taxonomy":"product_tag","embeddable":true,"href":"https:\/\/www.miagrosarl.com\/index.php\/wp-json\/wp\/v2\/product_tag?post=768"}],"curies":[{"name":"wp","href":"https:\/\/api.w.org\/{rel}","templated":true}]}}