{"id":722,"date":"2021-03-30T16:03:06","date_gmt":"2021-03-30T14:03:06","guid":{"rendered":"https:\/\/www.miagrosarl.com\/?post_type=product&#038;p=722"},"modified":"2026-04-17T21:31:40","modified_gmt":"2026-04-17T19:31:40","slug":"bebe-miel-vip-2","status":"publish","type":"product","link":"https:\/\/www.miagrosarl.com\/index.php\/produit\/bebe-miel-vip-2\/","title":{"rendered":"B\u00e9b\u00e9 miel vip"},"content":{"rendered":"<p>Pot Miel Du Monde<br \/>\nNous recherchons toujours les meilleures endroits pour obtenir une production de miel aux saveurs prononc\u00e9es et d\u00e9licieuses.<br \/>\nCe miel rare, s\u00e9duit le consommateur par son originalit\u00e9. Ses ar\u00f4mes sont fins et sa saveur suave. En bouche, sa saveur discr\u00e8te est appr\u00e9ci\u00e9e des amateurs de miels doux.<\/p>\n","protected":false},"excerpt":{"rendered":"<p>PRINCIPALES CARACT\u00c9RISTIQUES<br \/>\nType de produit : Miel<br \/>\nPoids : 500G<br \/>\nBonne Qualit\u00e9<\/p>\n","protected":false},"featured_media":726,"comment_status":"open","ping_status":"closed","template":"","meta":{"_mo_disable_npp":""},"product_cat":[19,58],"product_tag":[22],"class_list":{"0":"post-722","1":"product","2":"type-product","3":"status-publish","4":"has-post-thumbnail","6":"product_cat-alimentation","7":"product_cat-miel","8":"product_tag-miel","10":"first","11":"instock","12":"purchasable","13":"product-type-simple"},"_links":{"self":[{"href":"https:\/\/www.miagrosarl.com\/index.php\/wp-json\/wp\/v2\/product\/722","targetHints":{"allow":["GET"]}}],"collection":[{"href":"https:\/\/www.miagrosarl.com\/index.php\/wp-json\/wp\/v2\/product"}],"about":[{"href":"https:\/\/www.miagrosarl.com\/index.php\/wp-json\/wp\/v2\/types\/product"}],"replies":[{"embeddable":true,"href":"https:\/\/www.miagrosarl.com\/index.php\/wp-json\/wp\/v2\/comments?post=722"}],"wp:featuredmedia":[{"embeddable":true,"href":"https:\/\/www.miagrosarl.com\/index.php\/wp-json\/wp\/v2\/media\/726"}],"wp:attachment":[{"href":"https:\/\/www.miagrosarl.com\/index.php\/wp-json\/wp\/v2\/media?parent=722"}],"wp:term":[{"taxonomy":"product_cat","embeddable":true,"href":"https:\/\/www.miagrosarl.com\/index.php\/wp-json\/wp\/v2\/product_cat?post=722"},{"taxonomy":"product_tag","embeddable":true,"href":"https:\/\/www.miagrosarl.com\/index.php\/wp-json\/wp\/v2\/product_tag?post=722"}],"curies":[{"name":"wp","href":"https:\/\/api.w.org\/{rel}","templated":true}]}}