{"id":49,"date":"2019-03-17T16:27:41","date_gmt":"2019-03-17T16:27:41","guid":{"rendered":"http:\/\/demo.dithemes.com\/di-ecommerce\/product\/import-placeholder-for-87\/"},"modified":"2026-04-09T03:02:27","modified_gmt":"2026-04-09T01:02:27","slug":"logo-collection","status":"publish","type":"product","link":"https:\/\/www.miagrosarl.com\/index.php\/produit\/logo-collection\/","title":{"rendered":"Gel Hydro Alcoolique Antiseptique"},"content":{"rendered":"<p>Gel solution Hydroalcoolique pour le lavage des mains quand l&rsquo;utilisation d&rsquo;un savon et d&rsquo;eau n&rsquo;est pas possible. Le format de 5 Litres est id\u00e9al pour le remplissage de flacons finis, ou pour utilisation \u00e0 grande \u00e9chelle. Simple et \u00e9conomique le Gel TECHNO PRO vous prot\u00e8ge de toutes bact\u00e9ries et germes.<\/p>\n<p>Attribut: Test\u00e9 en laboratoire, Il est adapt\u00e9 \u00e0 une situation de d\u00e9sinfection des mains, tout en respectant tout type de peau.<\/p>\n<p>Application: il doit \u00eatre appliquer sur les mains pr\u00e9alablement rinc\u00e9e ou nettoy\u00e9e. Apr\u00e8s friction durant 1 \u00e0 3 minutes ne pas rincer, laissez s\u00e9cher.<\/p>\n<p>PRINCIPALES CARACT\u00c9RISTIQUES<br \/>\nFormat \u00e9conomique<br \/>\nTue 99.99% des bact\u00e9ries &#8211; Bact\u00e9ricides,<br \/>\nMucobact\u00e9ricides<br \/>\nLevuricide,<br \/>\nFongicide,<br \/>\nSporicide<br \/>\nVirucide<\/p>\n","protected":false},"excerpt":{"rendered":"<p>This is a grouped product.<\/p>\n","protected":false},"featured_media":670,"comment_status":"open","ping_status":"closed","template":"","meta":{"_mo_disable_npp":""},"product_cat":[16,74,69],"product_tag":[],"class_list":{"0":"post-49","1":"product","2":"type-product","3":"status-publish","4":"has-post-thumbnail","6":"product_cat-clothing","7":"product_cat-entretien-et-nettoyage","8":"product_cat-get","10":"first","11":"instock","12":"shipping-taxable","13":"product-type-grouped"},"_links":{"self":[{"href":"https:\/\/www.miagrosarl.com\/index.php\/wp-json\/wp\/v2\/product\/49","targetHints":{"allow":["GET"]}}],"collection":[{"href":"https:\/\/www.miagrosarl.com\/index.php\/wp-json\/wp\/v2\/product"}],"about":[{"href":"https:\/\/www.miagrosarl.com\/index.php\/wp-json\/wp\/v2\/types\/product"}],"replies":[{"embeddable":true,"href":"https:\/\/www.miagrosarl.com\/index.php\/wp-json\/wp\/v2\/comments?post=49"}],"wp:featuredmedia":[{"embeddable":true,"href":"https:\/\/www.miagrosarl.com\/index.php\/wp-json\/wp\/v2\/media\/670"}],"wp:attachment":[{"href":"https:\/\/www.miagrosarl.com\/index.php\/wp-json\/wp\/v2\/media?parent=49"}],"wp:term":[{"taxonomy":"product_cat","embeddable":true,"href":"https:\/\/www.miagrosarl.com\/index.php\/wp-json\/wp\/v2\/product_cat?post=49"},{"taxonomy":"product_tag","embeddable":true,"href":"https:\/\/www.miagrosarl.com\/index.php\/wp-json\/wp\/v2\/product_tag?post=49"}],"curies":[{"name":"wp","href":"https:\/\/api.w.org\/{rel}","templated":true}]}}