{"id":39,"date":"2019-03-17T16:27:40","date_gmt":"2019-03-17T16:27:40","guid":{"rendered":"http:\/\/demo.dithemes.com\/di-ecommerce\/product\/import-placeholder-for-73\/"},"modified":"2026-04-28T11:41:54","modified_gmt":"2026-04-28T09:41:54","slug":"album","status":"publish","type":"product","link":"https:\/\/www.miagrosarl.com\/index.php\/produit\/album\/","title":{"rendered":"BIO-HERBS"},"content":{"rendered":"<p>Compl\u00e9ment alimentaire anti fatigue et booster de performance physique, mentale et sexuelle. Efficace pour une bonne r\u00e9cup\u00e9ration. Livraison gratuite \u00e0 Dakar.<\/p>\n<p>Contient 10 sachets prix 20.000FCFA<\/p>\n","protected":false},"excerpt":{"rendered":"<p>Contient 10 sachets.<\/p>\n","protected":false},"featured_media":802,"comment_status":"open","ping_status":"closed","template":"","meta":{"_mo_disable_npp":""},"product_cat":[20],"product_tag":[],"class_list":{"0":"post-39","1":"product","2":"type-product","3":"status-publish","4":"has-post-thumbnail","6":"product_cat-the","8":"first","9":"instock","10":"purchasable","11":"product-type-simple"},"_links":{"self":[{"href":"https:\/\/www.miagrosarl.com\/index.php\/wp-json\/wp\/v2\/product\/39","targetHints":{"allow":["GET"]}}],"collection":[{"href":"https:\/\/www.miagrosarl.com\/index.php\/wp-json\/wp\/v2\/product"}],"about":[{"href":"https:\/\/www.miagrosarl.com\/index.php\/wp-json\/wp\/v2\/types\/product"}],"replies":[{"embeddable":true,"href":"https:\/\/www.miagrosarl.com\/index.php\/wp-json\/wp\/v2\/comments?post=39"}],"wp:featuredmedia":[{"embeddable":true,"href":"https:\/\/www.miagrosarl.com\/index.php\/wp-json\/wp\/v2\/media\/802"}],"wp:attachment":[{"href":"https:\/\/www.miagrosarl.com\/index.php\/wp-json\/wp\/v2\/media?parent=39"}],"wp:term":[{"taxonomy":"product_cat","embeddable":true,"href":"https:\/\/www.miagrosarl.com\/index.php\/wp-json\/wp\/v2\/product_cat?post=39"},{"taxonomy":"product_tag","embeddable":true,"href":"https:\/\/www.miagrosarl.com\/index.php\/wp-json\/wp\/v2\/product_tag?post=39"}],"curies":[{"name":"wp","href":"https:\/\/api.w.org\/{rel}","templated":true}]}}