{"id":29,"date":"2019-03-17T16:27:39","date_gmt":"2019-03-17T16:27:39","guid":{"rendered":"http:\/\/demo.dithemes.com\/di-ecommerce\/product\/import-placeholder-for-46\/"},"modified":"2025-05-30T11:27:09","modified_gmt":"2025-05-30T09:27:09","slug":"hoodie-with-logo-2","status":"publish","type":"product","link":"https:\/\/www.miagrosarl.com\/index.php\/produit\/hoodie-with-logo-2\/","title":{"rendered":"Paquets de 100 Gants d&rsquo;examens M\u00e9dicaux Poudr\u00e9s en latex."},"content":{"rendered":"<p>LIGASURE, Paquets de 100 Gants d&rsquo;examens M\u00e9dicaux Poudr\u00e9s en latex<br \/>\nGants de consultation, non st\u00e9rile, bouts des doigts textur\u00e9s, manchette ambidextre, perles ultra-minces, nombre plus \u00e9lev\u00e9, \u00e9conomise de l&rsquo;espace et des d\u00e9chets, longueur: 9,5 pouces (242 mm)<br \/>\nPRINCIPALES CARACT\u00c9RISTIQUES<br \/>\nTest\u00e9 contre 36 m\u00e9dicaments de chimioth\u00e9rapie<br \/>\nPour une faible exposition aux fluides ou aux produits chimiques<br \/>\nBouts des doigts textur\u00e9s<br \/>\nAmbidextre<\/p>\n","protected":false},"excerpt":{"rendered":"<p>This is a simple product.<\/p>\n","protected":false},"featured_media":665,"comment_status":"open","ping_status":"closed","template":"","meta":{"_mo_disable_npp":""},"product_cat":[74],"product_tag":[],"class_list":{"0":"post-29","1":"product","2":"type-product","3":"status-publish","4":"has-post-thumbnail","6":"product_cat-entretien-et-nettoyage","8":"first","9":"instock","10":"product-type-simple"},"_links":{"self":[{"href":"https:\/\/www.miagrosarl.com\/index.php\/wp-json\/wp\/v2\/product\/29","targetHints":{"allow":["GET"]}}],"collection":[{"href":"https:\/\/www.miagrosarl.com\/index.php\/wp-json\/wp\/v2\/product"}],"about":[{"href":"https:\/\/www.miagrosarl.com\/index.php\/wp-json\/wp\/v2\/types\/product"}],"replies":[{"embeddable":true,"href":"https:\/\/www.miagrosarl.com\/index.php\/wp-json\/wp\/v2\/comments?post=29"}],"wp:featuredmedia":[{"embeddable":true,"href":"https:\/\/www.miagrosarl.com\/index.php\/wp-json\/wp\/v2\/media\/665"}],"wp:attachment":[{"href":"https:\/\/www.miagrosarl.com\/index.php\/wp-json\/wp\/v2\/media?parent=29"}],"wp:term":[{"taxonomy":"product_cat","embeddable":true,"href":"https:\/\/www.miagrosarl.com\/index.php\/wp-json\/wp\/v2\/product_cat?post=29"},{"taxonomy":"product_tag","embeddable":true,"href":"https:\/\/www.miagrosarl.com\/index.php\/wp-json\/wp\/v2\/product_tag?post=29"}],"curies":[{"name":"wp","href":"https:\/\/api.w.org\/{rel}","templated":true}]}}