{"id":155,"date":"2021-01-14T06:02:34","date_gmt":"2021-01-14T05:02:34","guid":{"rendered":"http:\/\/demo.dithemes.com\/di-multipurpose\/bakery\/?post_type=product&#038;p=155"},"modified":"2026-04-06T15:39:39","modified_gmt":"2026-04-06T13:39:39","slug":"pastry","status":"publish","type":"product","link":"https:\/\/www.miagrosarl.com\/index.php\/produit\/pastry\/","title":{"rendered":"Gants en vinyle (non m\u00e9dical)"},"content":{"rendered":"<p>Gants en vinyle (non m\u00e9dical) disponible en stock limit\u00e9.<\/p>\n","protected":false},"excerpt":{"rendered":"<p>Gants en vinyle (non m\u00e9dical) disponible en stock limit\u00e9.<\/p>\n","protected":false},"featured_media":806,"comment_status":"open","ping_status":"closed","template":"","meta":{"_mo_disable_npp":""},"product_cat":[74,50,69,51],"product_tag":[52],"class_list":{"0":"post-155","1":"product","2":"type-product","3":"status-publish","4":"has-post-thumbnail","6":"product_cat-entretien-et-nettoyage","7":"product_cat-gants","8":"product_cat-get","9":"product_cat-vinyle","10":"product_tag-gants","12":"first","13":"instock","14":"purchasable","15":"product-type-simple"},"_links":{"self":[{"href":"https:\/\/www.miagrosarl.com\/index.php\/wp-json\/wp\/v2\/product\/155","targetHints":{"allow":["GET"]}}],"collection":[{"href":"https:\/\/www.miagrosarl.com\/index.php\/wp-json\/wp\/v2\/product"}],"about":[{"href":"https:\/\/www.miagrosarl.com\/index.php\/wp-json\/wp\/v2\/types\/product"}],"replies":[{"embeddable":true,"href":"https:\/\/www.miagrosarl.com\/index.php\/wp-json\/wp\/v2\/comments?post=155"}],"wp:featuredmedia":[{"embeddable":true,"href":"https:\/\/www.miagrosarl.com\/index.php\/wp-json\/wp\/v2\/media\/806"}],"wp:attachment":[{"href":"https:\/\/www.miagrosarl.com\/index.php\/wp-json\/wp\/v2\/media?parent=155"}],"wp:term":[{"taxonomy":"product_cat","embeddable":true,"href":"https:\/\/www.miagrosarl.com\/index.php\/wp-json\/wp\/v2\/product_cat?post=155"},{"taxonomy":"product_tag","embeddable":true,"href":"https:\/\/www.miagrosarl.com\/index.php\/wp-json\/wp\/v2\/product_tag?post=155"}],"curies":[{"name":"wp","href":"https:\/\/api.w.org\/{rel}","templated":true}]}}